{"id":58,"date":"2025-12-30T11:02:39","date_gmt":"2025-12-30T11:02:39","guid":{"rendered":"https:\/\/restaurant-gilgenberg.ch\/?page_id=58"},"modified":"2026-01-03T21:12:55","modified_gmt":"2026-01-03T20:12:55","slug":"ueber-uns","status":"publish","type":"page","link":"https:\/\/restaurant-gilgenberg.ch\/index.php\/ueber-uns\/","title":{"rendered":"\u00dcber uns"},"content":{"rendered":"\n<p><\/p>\n\n\n\n<p>Ein Ort der uns alle verbindet, ohne zu viel Schnickschnack, dennoch mit Liebe zum Detail<\/p>\n\n\n\n<p><em>\u201eMan kann nicht gut kochen, wenn man die Menschen nicht liebt\u201c&nbsp;<\/em>Robuchon<\/p>\n\n\n\n<p>In unserem Restaurant soll sich jeder wohlf\u00fchlen, \u201ewie dehei i dr Stube, nur nit ganz so l\u00e9ger agleggt\u201c. Mit viel Leidenschaft, viel Humor und einem tollen Team m\u00f6chten wir unsere G\u00e4ste von uns \u00fcberzeugen. Eine einzigartige Gastfreundschaft ist unser h\u00f6chstes Ziel.<\/p>\n\n\n\n<p><\/p>\n\n\n\n<figure class=\"wp-block-gallery has-nested-images columns-default is-cropped wp-block-gallery-1 is-layout-flex wp-block-gallery-is-layout-flex\"><\/figure>\n","protected":false},"excerpt":{"rendered":"<p>Ein Ort der uns alle verbindet, ohne zu viel Schnickschnack, dennoch mit Liebe zum Detail \u201eMan kann nicht gut kochen, wenn man die Menschen nicht liebt\u201c&nbsp;Robuchon In unserem Restaurant soll sich jeder wohlf\u00fchlen, \u201ewie dehei i dr Stube, nur nit ganz so l\u00e9ger agleggt\u201c. Mit viel Leidenschaft, viel Humor und einem tollen Team m\u00f6chten wir [&hellip;]<\/p>\n","protected":false},"author":2,"featured_media":0,"parent":0,"menu_order":0,"comment_status":"closed","ping_status":"closed","template":"","meta":{"footnotes":""},"class_list":["post-58","page","type-page","status-publish","hentry"],"_links":{"self":[{"href":"https:\/\/restaurant-gilgenberg.ch\/index.php\/wp-json\/wp\/v2\/pages\/58","targetHints":{"allow":["GET"]}}],"collection":[{"href":"https:\/\/restaurant-gilgenberg.ch\/index.php\/wp-json\/wp\/v2\/pages"}],"about":[{"href":"https:\/\/restaurant-gilgenberg.ch\/index.php\/wp-json\/wp\/v2\/types\/page"}],"author":[{"embeddable":true,"href":"https:\/\/restaurant-gilgenberg.ch\/index.php\/wp-json\/wp\/v2\/users\/2"}],"replies":[{"embeddable":true,"href":"https:\/\/restaurant-gilgenberg.ch\/index.php\/wp-json\/wp\/v2\/comments?post=58"}],"version-history":[{"count":7,"href":"https:\/\/restaurant-gilgenberg.ch\/index.php\/wp-json\/wp\/v2\/pages\/58\/revisions"}],"predecessor-version":[{"id":282,"href":"https:\/\/restaurant-gilgenberg.ch\/index.php\/wp-json\/wp\/v2\/pages\/58\/revisions\/282"}],"wp:attachment":[{"href":"https:\/\/restaurant-gilgenberg.ch\/index.php\/wp-json\/wp\/v2\/media?parent=58"}],"curies":[{"name":"wp","href":"https:\/\/api.w.org\/{rel}","templated":true}]}}